{"id":88,"date":"2021-12-05T20:09:59","date_gmt":"2021-12-05T19:09:59","guid":{"rendered":"http:\/\/uneplaceausoleil.fr\/index.php\/home\/"},"modified":"2024-11-25T19:09:36","modified_gmt":"2024-11-25T18:09:36","slug":"home","status":"publish","type":"page","link":"https:\/\/uneplaceausoleil.fr\/","title":{"rendered":"Bienvenue !"},"content":{"rendered":"\n<div class=\"wp-block-media-text alignwide has-media-on-the-right is-stacked-on-mobile is-image-fill-element\" style=\"grid-template-columns:auto 43%\"><div class=\"wp-block-media-text__content\">\n<p>Vous cherchez un endroit au calme et au vert pour passer de bonnes vacances en famille ou entre amis ? Le g\u00eete \u00ab\u00a0Une Place au Soleil\u00a0\u00bb vous apportera un pied \u00e0 terre confortable et spacieux, situ\u00e9 en pleine <strong>r\u00e9gion Bouriane<\/strong>, aux portes du <strong>Quercy<\/strong> et du <strong>P\u00e9rigord Noir<\/strong>.<\/p>\n\n\n\n<p>Chacun sa fa\u00e7on d&rsquo;en profiter, il y en a pour tous les go\u00fbts. Bienvenue dans le Lot, territoire riche en nature, patrimoine et gastronomie !<\/p>\n<\/div><figure class=\"wp-block-media-text__media\"><img loading=\"lazy\" decoding=\"async\" width=\"1024\" height=\"768\" src=\"http:\/\/uneplaceausoleil.fr\/wp-content\/uploads\/2024\/11\/facade-est-gite-vue-de-face-grand-angle-vue-de-la-cour-1024x768.jpg\" alt=\"\" class=\"wp-image-378 size-full\" style=\"object-position:50% 50%\" srcset=\"https:\/\/uneplaceausoleil.fr\/wp-content\/uploads\/2024\/11\/facade-est-gite-vue-de-face-grand-angle-vue-de-la-cour-1024x768.jpg 1024w, https:\/\/uneplaceausoleil.fr\/wp-content\/uploads\/2024\/11\/facade-est-gite-vue-de-face-grand-angle-vue-de-la-cour-300x225.jpg 300w, https:\/\/uneplaceausoleil.fr\/wp-content\/uploads\/2024\/11\/facade-est-gite-vue-de-face-grand-angle-vue-de-la-cour-768x576.jpg 768w, https:\/\/uneplaceausoleil.fr\/wp-content\/uploads\/2024\/11\/facade-est-gite-vue-de-face-grand-angle-vue-de-la-cour-1536x1152.jpg 1536w, https:\/\/uneplaceausoleil.fr\/wp-content\/uploads\/2024\/11\/facade-est-gite-vue-de-face-grand-angle-vue-de-la-cour-2048x1536.jpg 2048w, https:\/\/uneplaceausoleil.fr\/wp-content\/uploads\/2024\/11\/facade-est-gite-vue-de-face-grand-angle-vue-de-la-cour-1800x1350.jpg 1800w\" sizes=\"auto, (max-width: 1024px) 100vw, 1024px\" \/><\/figure><\/div>\n\n\n\n<p class=\"has-text-align-center\"><mark style=\"background-color:rgba(0, 0, 0, 0)\" class=\"has-inline-color has-contrast-color\"><strong>Repas en terrasse au go\u00fbt de grillades et barbecue, Jeux et rafra\u00eechissement dans la piscine, Sieste sous les arbres, P\u00e9tanque, foot et autres jeux dans le jardin, Balades dans la for\u00eat attenante : rester \u00e0 la maison est d\u00e9j\u00e0 tout un programme ! <\/strong><\/mark><\/p>\n\n\n\n<div class=\"wp-block-media-text alignwide is-stacked-on-mobile\" style=\"grid-template-columns:22% auto\"><figure class=\"wp-block-media-text__media\"><img loading=\"lazy\" decoding=\"async\" width=\"1000\" height=\"1000\" src=\"http:\/\/uneplaceausoleil.fr\/wp-content\/uploads\/2023\/03\/Meuble-de-tourisme-2023-3-etoiles.png.webp\" alt=\"\" class=\"wp-image-282 size-large\" srcset=\"https:\/\/uneplaceausoleil.fr\/wp-content\/uploads\/2023\/03\/Meuble-de-tourisme-2023-3-etoiles.png.webp 1000w, https:\/\/uneplaceausoleil.fr\/wp-content\/uploads\/2023\/03\/Meuble-de-tourisme-2023-3-etoiles.png-300x300.webp 300w, https:\/\/uneplaceausoleil.fr\/wp-content\/uploads\/2023\/03\/Meuble-de-tourisme-2023-3-etoiles.png-150x150.webp 150w, https:\/\/uneplaceausoleil.fr\/wp-content\/uploads\/2023\/03\/Meuble-de-tourisme-2023-3-etoiles.png-768x768.webp 768w, https:\/\/uneplaceausoleil.fr\/wp-content\/uploads\/2023\/03\/Meuble-de-tourisme-2023-3-etoiles.png-900x900.webp 900w\" sizes=\"auto, (max-width: 1000px) 100vw, 1000px\" \/><\/figure><div class=\"wp-block-media-text__content\">\n<p class=\"has-text-align-left\">La grande maison, anciennement une grange, est class\u00e9e meubl\u00e9 de tourisme 3 \u00e9toiles pour 12 personnes, avec possibilit\u00e9 d&rsquo;ajouter 2 couchages (soit <strong>une capacit\u00e9 de 14 personne<\/strong>s). <em>Il est possible de louer une partie de la maison seulement, soit 4 chambres doubles, en p\u00e9riode creuse.<\/em><\/p>\n\n\n\n<p class=\"has-text-align-left\"><strong>Grande piscine<\/strong> ouverte de 60 m<sup>2<\/sup> entour\u00e9e d&rsquo;une terrasse, enti\u00e8rement s\u00e9curis\u00e9e par une alarme \u00e0 immersion et une barri\u00e8re. <strong>Grand jardin arbor\u00e9<\/strong> <strong>et cl\u00f4tur\u00e9<\/strong> de 1200  m<sup>2<\/sup>. Places de stationnement gratuites dans lune zone cl\u00f4tur\u00e9e, local ferm\u00e9 pour les v\u00e9los&#8230;<\/p>\n<\/div><\/div>\n\n\n\n<p>D\u00e9couvrir les <strong>beaux villages<\/strong>, les <strong>grottes<\/strong>, les <strong>ch\u00e2teaux<\/strong>, les <strong>parcs<\/strong> et les activit\u00e9s des environs est tr\u00e8s facile puisque de tr\u00e8s nombreux sites sont accessibles \u00e0 quelques dizaines de minutes en voiture seulement. <\/p>\n\n\n\n<p>#La <strong>rivi\u00e8re Dordogne<\/strong> est \u00e0 20 minutes : baignades, cano\u00eb, p\u00eache.<\/p>\n\n\n\n<p>#Les<strong> villages m\u00e9di\u00e9vaux<\/strong> ou pittoresques : Gourdon, La Roque-Gageac, Domme, Sarlat-la-Can\u00e9da, Rocamadour, Saint Cirq-Lapopie, Cahors&#8230;<\/p>\n\n\n\n<div class=\"wp-block-media-text alignwide is-stacked-on-mobile\" style=\"grid-template-columns:41% auto\"><figure class=\"wp-block-media-text__media\"><img decoding=\"async\" src=\"http:\/\/uneplaceausoleil.fr\/wp-content\/uploads\/2023\/03\/infographie-famille-randonnee.jpg\" alt=\"\" class=\"wp-image-262 size-full\"\/><\/figure><div class=\"wp-block-media-text__content\">\n<p>#Les <strong>sites g\u00e9ologiques<\/strong> et historiques : Grottes de Cougnac, gouffre de Padirac, Grottes de Presque, Oppidum de Murcens&#8230;<\/p>\n\n\n\n<p>#Les <strong>points d&rsquo;eau<\/strong> et cascades : \u00ab\u00a0Coins secrets\u00a0\u00bb (si vous \u00eates sympa ! haha), Lacs d&rsquo;Ecoute s&rsquo;il Pleut \u00e0 Gourdon, lac de Catus, lac de Grol\u00e9jac, cascade d&rsquo;Autoire, r\u00e9surgence du gouffre Saint-Sauveur, et multitude d&rsquo;autres spots.<\/p>\n<\/div><\/div>\n\n\n\n<p>#Les <strong>chemins de randonn\u00e9e<\/strong> (GR-PR-circuits d\u00e9couverte), chemins balis\u00e9s de d\u00e9couverte faune et flore dans des zones naturelles remarquables et prot\u00e9g\u00e9es, <strong>voies vertes<\/strong> pour les v\u00e9los.<\/p>\n\n\n\n<p>#Et en vrac : les activit\u00e9s culturelles, <strong>festivals<\/strong>, <strong>march\u00e9s<\/strong>, restaurants, <strong>fermes<\/strong> de producteurs, installations sportives, et tant d&rsquo;autres !<\/p>\n\n\n\n<div class=\"wp-block-columns alignwide is-layout-flex wp-container-core-columns-is-layout-9d6595d7 wp-block-columns-is-layout-flex\">\n<div class=\"wp-block-column is-vertically-aligned-center is-layout-flow wp-block-column-is-layout-flow\" style=\"flex-basis:14.79%\"><\/div>\n\n\n\n<div class=\"wp-block-column is-vertically-aligned-center is-layout-flow wp-block-column-is-layout-flow\" style=\"flex-basis:35.21%\">\n<p class=\"has-text-align-center\"><strong><em><mark style=\"background-color:rgba(0, 0, 0, 0)\" class=\"has-inline-color has-contrast-color\">Ch\u00e8ques-vacances accept\u00e9s.<\/mark><\/em><\/strong><\/p>\n<\/div>\n\n\n\n<div class=\"wp-block-column is-layout-flow wp-block-column-is-layout-flow\" style=\"flex-basis:25%\">\n<figure class=\"wp-block-image size-full is-resized\"><img loading=\"lazy\" decoding=\"async\" width=\"975\" height=\"684\" src=\"http:\/\/uneplaceausoleil.fr\/wp-content\/uploads\/2023\/03\/logo_ancv_CV_ptl-1.png\" alt=\"\" class=\"wp-image-291\" style=\"width:138px;height:97px\" srcset=\"https:\/\/uneplaceausoleil.fr\/wp-content\/uploads\/2023\/03\/logo_ancv_CV_ptl-1.png 975w, https:\/\/uneplaceausoleil.fr\/wp-content\/uploads\/2023\/03\/logo_ancv_CV_ptl-1-300x210.png 300w, https:\/\/uneplaceausoleil.fr\/wp-content\/uploads\/2023\/03\/logo_ancv_CV_ptl-1-768x539.png 768w\" sizes=\"auto, (max-width: 975px) 100vw, 975px\" \/><\/figure>\n<\/div>\n\n\n\n<div class=\"wp-block-column is-layout-flow wp-block-column-is-layout-flow\" style=\"flex-basis:25%\"><\/div>\n<\/div>\n","protected":false},"excerpt":{"rendered":"<p>Vous cherchez un endroit au calme et au vert pour passer de bonnes vacances en famille ou entre amis ? Le g\u00eete \u00ab\u00a0Une Place au [&#8230;]<\/p>\n","protected":false},"author":1,"featured_media":202,"parent":0,"menu_order":0,"comment_status":"closed","ping_status":"closed","template":"templates\/template-homepage.php","meta":{"footnotes":""},"class_list":["post-88","page","type-page","status-publish","has-post-thumbnail","hentry"],"_links":{"self":[{"href":"https:\/\/uneplaceausoleil.fr\/index.php\/wp-json\/wp\/v2\/pages\/88","targetHints":{"allow":["GET"]}}],"collection":[{"href":"https:\/\/uneplaceausoleil.fr\/index.php\/wp-json\/wp\/v2\/pages"}],"about":[{"href":"https:\/\/uneplaceausoleil.fr\/index.php\/wp-json\/wp\/v2\/types\/page"}],"author":[{"embeddable":true,"href":"https:\/\/uneplaceausoleil.fr\/index.php\/wp-json\/wp\/v2\/users\/1"}],"replies":[{"embeddable":true,"href":"https:\/\/uneplaceausoleil.fr\/index.php\/wp-json\/wp\/v2\/comments?post=88"}],"version-history":[{"count":20,"href":"https:\/\/uneplaceausoleil.fr\/index.php\/wp-json\/wp\/v2\/pages\/88\/revisions"}],"predecessor-version":[{"id":380,"href":"https:\/\/uneplaceausoleil.fr\/index.php\/wp-json\/wp\/v2\/pages\/88\/revisions\/380"}],"wp:featuredmedia":[{"embeddable":true,"href":"https:\/\/uneplaceausoleil.fr\/index.php\/wp-json\/wp\/v2\/media\/202"}],"wp:attachment":[{"href":"https:\/\/uneplaceausoleil.fr\/index.php\/wp-json\/wp\/v2\/media?parent=88"}],"curies":[{"name":"wp","href":"https:\/\/api.w.org\/{rel}","templated":true}]}}