{"id":84,"date":"2022-04-06T08:30:49","date_gmt":"2022-04-06T06:30:49","guid":{"rendered":"http:\/\/uneplaceausoleil.fr\/?page_id=84"},"modified":"2023-10-27T08:23:50","modified_gmt":"2023-10-27T06:23:50","slug":"adresse-et-contact","status":"publish","type":"page","link":"https:\/\/uneplaceausoleil.fr\/index.php\/adresse-et-contact\/","title":{"rendered":"Adresse et Contact"},"content":{"rendered":"\n<p>Le g\u00eete est situ\u00e9 \u00e0 8 minutes de Gourdon, centre bourg avec toutes les commodit\u00e9s. l&rsquo;acc\u00e8s \u00e0 l&rsquo;autoroute A20 est \u00e0 20 minutes (sortie 56).<\/p>\n\n\n\n<p>Adresse : 431 rue Rivi\u00e8re Basse ; 46 300 Saint-Clair (Lot, Occitanie, France)<\/p>\n\n\n\n<div class=\"wp-block-group is-layout-flow wp-block-group-is-layout-flow\">\n<div class=\"wp-block-columns is-layout-flex wp-container-core-columns-is-layout-9d6595d7 wp-block-columns-is-layout-flex\">\n<div class=\"wp-block-column is-layout-flow wp-block-column-is-layout-flow\" style=\"flex-basis:50%\">\n<figure class=\"wp-block-image size-full is-resized\"><img loading=\"lazy\" decoding=\"async\" width=\"513\" height=\"513\" src=\"http:\/\/uneplaceausoleil.fr\/wp-content\/uploads\/2022\/01\/Untitled.png\" alt=\"\" class=\"wp-image-98\" style=\"width:219px;height:219px\" srcset=\"https:\/\/uneplaceausoleil.fr\/wp-content\/uploads\/2022\/01\/Untitled.png 513w, https:\/\/uneplaceausoleil.fr\/wp-content\/uploads\/2022\/01\/Untitled-300x300.png 300w, https:\/\/uneplaceausoleil.fr\/wp-content\/uploads\/2022\/01\/Untitled-150x150.png 150w\" sizes=\"auto, (max-width: 513px) 100vw, 513px\" \/><figcaption class=\"wp-element-caption\">QR code pour g\u00e9olocalisation<\/figcaption><\/figure>\n<\/div>\n\n\n\n<div class=\"wp-block-column is-layout-flow wp-block-column-is-layout-flow\" style=\"flex-basis:50%\">\n<p>lien pour g\u00e9olocalisation sur maps<\/p>\n\n\n\n<p><a href=\"https:\/\/maps.app.goo.gl\/jBZHQe7xcK7JXztz8\">https:\/\/maps.app.goo.gl\/jBZHQe7xcK7JXztz8<\/a><\/p>\n<\/div>\n<\/div>\n<\/div>\n\n\n\n<p>Contact : H\u00e9l\u00e8ne Pfeiffer                    T\u00e9l\u00e9phone portable : 06 41 59 04 69                     E-mail : uneplaceausoleil@protonmail.com<\/p>\n\n\n\n<figure class=\"wp-block-image size-large\"><img loading=\"lazy\" decoding=\"async\" width=\"1024\" height=\"727\" src=\"http:\/\/uneplaceausoleil.fr\/wp-content\/uploads\/2023\/10\/plan-gite-1024x727.jpg\" alt=\"\" class=\"wp-image-334\" srcset=\"https:\/\/uneplaceausoleil.fr\/wp-content\/uploads\/2023\/10\/plan-gite-1024x727.jpg 1024w, https:\/\/uneplaceausoleil.fr\/wp-content\/uploads\/2023\/10\/plan-gite-300x213.jpg 300w, https:\/\/uneplaceausoleil.fr\/wp-content\/uploads\/2023\/10\/plan-gite-768x545.jpg 768w, https:\/\/uneplaceausoleil.fr\/wp-content\/uploads\/2023\/10\/plan-gite.jpg 1336w\" sizes=\"auto, (max-width: 1024px) 100vw, 1024px\" \/><\/figure>\n","protected":false},"excerpt":{"rendered":"<p>Le g\u00eete est situ\u00e9 \u00e0 8 minutes de Gourdon, centre bourg avec toutes les commodit\u00e9s. l&rsquo;acc\u00e8s \u00e0 l&rsquo;autoroute A20 est \u00e0 20 minutes (sortie 56). [&#8230;]<\/p>\n","protected":false},"author":1,"featured_media":0,"parent":0,"menu_order":0,"comment_status":"closed","ping_status":"closed","template":"","meta":{"footnotes":""},"class_list":["post-84","page","type-page","status-publish","hentry"],"_links":{"self":[{"href":"https:\/\/uneplaceausoleil.fr\/index.php\/wp-json\/wp\/v2\/pages\/84","targetHints":{"allow":["GET"]}}],"collection":[{"href":"https:\/\/uneplaceausoleil.fr\/index.php\/wp-json\/wp\/v2\/pages"}],"about":[{"href":"https:\/\/uneplaceausoleil.fr\/index.php\/wp-json\/wp\/v2\/types\/page"}],"author":[{"embeddable":true,"href":"https:\/\/uneplaceausoleil.fr\/index.php\/wp-json\/wp\/v2\/users\/1"}],"replies":[{"embeddable":true,"href":"https:\/\/uneplaceausoleil.fr\/index.php\/wp-json\/wp\/v2\/comments?post=84"}],"version-history":[{"count":8,"href":"https:\/\/uneplaceausoleil.fr\/index.php\/wp-json\/wp\/v2\/pages\/84\/revisions"}],"predecessor-version":[{"id":336,"href":"https:\/\/uneplaceausoleil.fr\/index.php\/wp-json\/wp\/v2\/pages\/84\/revisions\/336"}],"wp:attachment":[{"href":"https:\/\/uneplaceausoleil.fr\/index.php\/wp-json\/wp\/v2\/media?parent=84"}],"curies":[{"name":"wp","href":"https:\/\/api.w.org\/{rel}","templated":true}]}}